{"id":9,"date":"2022-11-03T02:24:15","date_gmt":"2022-11-03T02:24:15","guid":{"rendered":"https:\/\/academiaeuropea.com\/quiniela\/?page_id=9"},"modified":"2022-11-04T12:46:01","modified_gmt":"2022-11-04T18:46:01","slug":"reglas","status":"publish","type":"page","link":"https:\/\/academiaeuropea.com\/quiniela\/reglas\/","title":{"rendered":"Reglas"},"content":{"rendered":"<h3>Predecir los partidos<\/h3>\n<p>Pronostica el resultado final de todos los partidos del torneo\/competici\u00f3n. Tienes hasta 15 minutos antes del comienzo de un partido para a\u00f1adir o cambiar tu predicci\u00f3n.<\/p>\n<p>Se utiliza la hora del servidor. No hay discusi\u00f3n al respecto, as\u00ed que s\u00e9 puntual si quieres rellenar tus puntuaciones.Como habr\u00e1s notado, los partidos de las siguientes fases a\u00fan no est\u00e1n rellenados al principio del torneo.<\/p>\n<p>Una vez que los equipos pasen a la siguiente ronda, los a\u00f1adir\u00e9. Estos partidos tambi\u00e9n se pueden cambiar hasta 15 minutos antes de que empiece el partido. O, si te sientes con suerte, puedes predecirlos ahora.<\/p>\n<h3>Las preguntas de bonificaci\u00f3n<\/h3>\n<p>Puedes ganar puntos extra durante el torneo con las preguntas de bonificaci\u00f3n. Estas preguntas deben responderse antes de una fecha y hora determinadas. Cada pregunta muestra los puntos que puedes ganar.<\/p>\n<h3>La puntuaci\u00f3n<\/h3>\n<p>En la fase de grupos se utilizan los resultados al final del partido para calcular las puntuaciones. En las rondas finales se utiliza la puntuaci\u00f3n al final del partido, incluida la pr\u00f3rroga. Los goles en la tanda de penaltis no se tienen en cuenta.<\/p>\n<p>Se obtienen puntos por predecir el ganador correcto del partido o por predecir un empate. A esto le llamamos la puntuaci\u00f3n total. En caso de que tambi\u00e9n pronostique la cantidad exacta de goles marcados, obtendr\u00e1 puntos adicionales. A esto lo llamamos puntuaci\u00f3n total.<\/p>\n<p>Si aciertas los goles, obtienes la bonificaci\u00f3n por gol extra, aunque no hayas acertado el resultado del partido (por ejemplo, si el partido termina 1-1 y t\u00fa pronosticaste 0-1, seguir\u00e1s obteniendo 1 punto).<\/p>\n<p>La \u00faltima opci\u00f3n de puntuaci\u00f3n es la bonificaci\u00f3n por diferencia de goles: si predices el ganador correcto, no el resultado exacto, pero predices la diferencia de goles correcta, obtienes la bonificaci\u00f3n por diferencia de goles (por ejemplo, predijiste 3-1 o 4-2 y el resultado es 2-0).<\/p>\n<table style=\"height: 263px;\" width=\"578\">\n<thead>\n<tr>\n<th><\/th>\n<th>points<\/th>\n<\/tr>\n<\/thead>\n<tbody>\n<tr>\n<td>Marcador correcto<\/td>\n<td>2<\/td>\n<\/tr>\n<tr>\n<td>Marcador exacto (goles)<\/td>\n<td>3<\/td>\n<\/tr>\n<tr>\n<td>Bono por preguntas<\/td>\n<td>la pregunta de bonificaci\u00f3n puede ser diferente para cada pregunta<\/td>\n<\/tr>\n<\/tbody>\n<\/table>\n<p>Si quieres ver la clasificaci\u00f3n, ve a la p\u00e1gina de clasificaci\u00f3n.<\/p>\n<h3>\u00bfMisma clasificaci\u00f3n?<\/h3>\n<p>Cuando varios jugadores tienen exactamente la misma cantidad de puntos, se aplican las siguientes reglas de ordenaci\u00f3n en la clasificaci\u00f3n (la m\u00e1s importante en la parte superior):<\/p>\n<ol>\n<li>Cantidad de aciertos marcadores exactos;<\/li>\n<li>cantidad de aciertos en partidos;<\/li>\n<li>cantidad de preguntas de bonificaci\u00f3n correctas.<\/li>\n<\/ol>\n","protected":false},"excerpt":{"rendered":"<p>Predecir los partidos Pronostica el resultado final de todos los partidos del torneo\/competici\u00f3n. Tienes hasta 15 minutos antes del comienzo de un partido para a\u00f1adir o cambiar tu predicci\u00f3n. Se utiliza la hora del servidor. No hay discusi\u00f3n al respecto, as\u00ed que s\u00e9 puntual si quieres rellenar tus puntuaciones.Como habr\u00e1s notado, los partidos de las [&hellip;]<\/p>\n","protected":false},"author":1,"featured_media":0,"parent":0,"menu_order":0,"comment_status":"closed","ping_status":"closed","template":"templates\/template-full-width.php","meta":{"footnotes":""},"class_list":["post-9","page","type-page","status-publish","hentry"],"yoast_head":"<!-- This site is optimized with the Yoast SEO plugin v19.9 - https:\/\/yoast.com\/wordpress\/plugins\/seo\/ -->\n<title>Reglas - Quiniela - Academia Europea<\/title>\n<meta name=\"robots\" content=\"index, follow, max-snippet:-1, max-image-preview:large, max-video-preview:-1\" \/>\n<link rel=\"canonical\" href=\"https:\/\/academiaeuropea.com\/quiniela\/reglas\/\" \/>\n<meta property=\"og:locale\" content=\"es_MX\" \/>\n<meta property=\"og:type\" content=\"article\" \/>\n<meta property=\"og:title\" content=\"Reglas - Quiniela - Academia Europea\" \/>\n<meta property=\"og:description\" content=\"Predecir los partidos Pronostica el resultado final de todos los partidos del torneo\/competici\u00f3n. Tienes hasta 15 minutos antes del comienzo de un partido para a\u00f1adir o cambiar tu predicci\u00f3n. Se utiliza la hora del servidor. No hay discusi\u00f3n al respecto, as\u00ed que s\u00e9 puntual si quieres rellenar tus puntuaciones.Como habr\u00e1s notado, los partidos de las [&hellip;]\" \/>\n<meta property=\"og:url\" content=\"https:\/\/academiaeuropea.com\/quiniela\/reglas\/\" \/>\n<meta property=\"og:site_name\" content=\"Quiniela - Academia Europea\" \/>\n<meta property=\"article:modified_time\" content=\"2022-11-04T18:46:01+00:00\" \/>\n<meta name=\"twitter:card\" content=\"summary_large_image\" \/>\n<meta name=\"twitter:label1\" content=\"Tiempo de lectura\" \/>\n\t<meta name=\"twitter:data1\" content=\"2 minutos\" \/>\n<script type=\"application\/ld+json\" class=\"yoast-schema-graph\">{\"@context\":\"https:\/\/schema.org\",\"@graph\":[{\"@type\":\"WebPage\",\"@id\":\"https:\/\/academiaeuropea.com\/quiniela\/reglas\/\",\"url\":\"https:\/\/academiaeuropea.com\/quiniela\/reglas\/\",\"name\":\"Reglas - Quiniela - Academia Europea\",\"isPartOf\":{\"@id\":\"https:\/\/academiaeuropea.com\/quiniela\/#website\"},\"datePublished\":\"2022-11-03T02:24:15+00:00\",\"dateModified\":\"2022-11-04T18:46:01+00:00\",\"breadcrumb\":{\"@id\":\"https:\/\/academiaeuropea.com\/quiniela\/reglas\/#breadcrumb\"},\"inLanguage\":\"es\",\"potentialAction\":[{\"@type\":\"ReadAction\",\"target\":[\"https:\/\/academiaeuropea.com\/quiniela\/reglas\/\"]}]},{\"@type\":\"BreadcrumbList\",\"@id\":\"https:\/\/academiaeuropea.com\/quiniela\/reglas\/#breadcrumb\",\"itemListElement\":[{\"@type\":\"ListItem\",\"position\":1,\"name\":\"Inicio\",\"item\":\"https:\/\/academiaeuropea.com\/quiniela\/\"},{\"@type\":\"ListItem\",\"position\":2,\"name\":\"Reglas\"}]},{\"@type\":\"WebSite\",\"@id\":\"https:\/\/academiaeuropea.com\/quiniela\/#website\",\"url\":\"https:\/\/academiaeuropea.com\/quiniela\/\",\"name\":\"Quiniela - Academia Europea\",\"description\":\"Mundial Qatar 2022\",\"potentialAction\":[{\"@type\":\"SearchAction\",\"target\":{\"@type\":\"EntryPoint\",\"urlTemplate\":\"https:\/\/academiaeuropea.com\/quiniela\/?s={search_term_string}\"},\"query-input\":\"required name=search_term_string\"}],\"inLanguage\":\"es\"}]}<\/script>\n<!-- \/ Yoast SEO plugin. -->","yoast_head_json":{"title":"Reglas - Quiniela - Academia Europea","robots":{"index":"index","follow":"follow","max-snippet":"max-snippet:-1","max-image-preview":"max-image-preview:large","max-video-preview":"max-video-preview:-1"},"canonical":"https:\/\/academiaeuropea.com\/quiniela\/reglas\/","og_locale":"es_MX","og_type":"article","og_title":"Reglas - Quiniela - Academia Europea","og_description":"Predecir los partidos Pronostica el resultado final de todos los partidos del torneo\/competici\u00f3n. Tienes hasta 15 minutos antes del comienzo de un partido para a\u00f1adir o cambiar tu predicci\u00f3n. Se utiliza la hora del servidor. No hay discusi\u00f3n al respecto, as\u00ed que s\u00e9 puntual si quieres rellenar tus puntuaciones.Como habr\u00e1s notado, los partidos de las [&hellip;]","og_url":"https:\/\/academiaeuropea.com\/quiniela\/reglas\/","og_site_name":"Quiniela - Academia Europea","article_modified_time":"2022-11-04T18:46:01+00:00","twitter_card":"summary_large_image","twitter_misc":{"Tiempo de lectura":"2 minutos"},"schema":{"@context":"https:\/\/schema.org","@graph":[{"@type":"WebPage","@id":"https:\/\/academiaeuropea.com\/quiniela\/reglas\/","url":"https:\/\/academiaeuropea.com\/quiniela\/reglas\/","name":"Reglas - Quiniela - Academia Europea","isPartOf":{"@id":"https:\/\/academiaeuropea.com\/quiniela\/#website"},"datePublished":"2022-11-03T02:24:15+00:00","dateModified":"2022-11-04T18:46:01+00:00","breadcrumb":{"@id":"https:\/\/academiaeuropea.com\/quiniela\/reglas\/#breadcrumb"},"inLanguage":"es","potentialAction":[{"@type":"ReadAction","target":["https:\/\/academiaeuropea.com\/quiniela\/reglas\/"]}]},{"@type":"BreadcrumbList","@id":"https:\/\/academiaeuropea.com\/quiniela\/reglas\/#breadcrumb","itemListElement":[{"@type":"ListItem","position":1,"name":"Inicio","item":"https:\/\/academiaeuropea.com\/quiniela\/"},{"@type":"ListItem","position":2,"name":"Reglas"}]},{"@type":"WebSite","@id":"https:\/\/academiaeuropea.com\/quiniela\/#website","url":"https:\/\/academiaeuropea.com\/quiniela\/","name":"Quiniela - Academia Europea","description":"Mundial Qatar 2022","potentialAction":[{"@type":"SearchAction","target":{"@type":"EntryPoint","urlTemplate":"https:\/\/academiaeuropea.com\/quiniela\/?s={search_term_string}"},"query-input":"required name=search_term_string"}],"inLanguage":"es"}]}},"_links":{"self":[{"href":"https:\/\/academiaeuropea.com\/quiniela\/wp-json\/wp\/v2\/pages\/9","targetHints":{"allow":["GET"]}}],"collection":[{"href":"https:\/\/academiaeuropea.com\/quiniela\/wp-json\/wp\/v2\/pages"}],"about":[{"href":"https:\/\/academiaeuropea.com\/quiniela\/wp-json\/wp\/v2\/types\/page"}],"author":[{"embeddable":true,"href":"https:\/\/academiaeuropea.com\/quiniela\/wp-json\/wp\/v2\/users\/1"}],"replies":[{"embeddable":true,"href":"https:\/\/academiaeuropea.com\/quiniela\/wp-json\/wp\/v2\/comments?post=9"}],"version-history":[{"count":6,"href":"https:\/\/academiaeuropea.com\/quiniela\/wp-json\/wp\/v2\/pages\/9\/revisions"}],"predecessor-version":[{"id":61,"href":"https:\/\/academiaeuropea.com\/quiniela\/wp-json\/wp\/v2\/pages\/9\/revisions\/61"}],"wp:attachment":[{"href":"https:\/\/academiaeuropea.com\/quiniela\/wp-json\/wp\/v2\/media?parent=9"}],"curies":[{"name":"wp","href":"https:\/\/api.w.org\/{rel}","templated":true}]}}