{"id":171,"date":"2019-10-22T07:27:47","date_gmt":"2019-10-22T07:27:47","guid":{"rendered":"https:\/\/www.academiaeuropeaonline.com\/ae\/?page_id=171"},"modified":"2023-06-27T16:59:35","modified_gmt":"2023-06-27T22:59:35","slug":"video","status":"publish","type":"page","link":"https:\/\/academiaeuropea.com\/blog\/video\/","title":{"rendered":"VIDEOS"},"content":{"rendered":"<style>\/*! elementor - v3.14.0 - 18-06-2023 *\/\n.elementor-column .elementor-spacer-inner{height:var(--spacer-size)}.e-con{--container-widget-width:100%}.e-con-inner>.elementor-widget-spacer,.e-con>.elementor-widget-spacer{width:var(--container-widget-width,var(--spacer-size));--align-self:var(--container-widget-align-self,initial);--flex-shrink:0}.e-con-inner>.elementor-widget-spacer>.elementor-widget-container,.e-con-inner>.elementor-widget-spacer>.elementor-widget-container>.elementor-spacer,.e-con>.elementor-widget-spacer>.elementor-widget-container,.e-con>.elementor-widget-spacer>.elementor-widget-container>.elementor-spacer{height:100%}.e-con-inner>.elementor-widget-spacer>.elementor-widget-container>.elementor-spacer>.elementor-spacer-inner,.e-con>.elementor-widget-spacer>.elementor-widget-container>.elementor-spacer>.elementor-spacer-inner{height:var(--container-widget-height,var(--spacer-size))}<\/style>\n<p>\t\thttps:\/\/www.youtube.com\/watch?v=DYoSKBp0Li8https:\/\/www.youtube.com\/watch?v=Y_k7PHiBeyg&#038;t=3s\t\t<\/p>\n<h3>My Posts<\/h3>\n<p><a data-value=\"*\" href=\"#\">All<\/a><a href=\"#\" data-value=\".term-143\" title=\"View all items filed under certificaciones de ingl\u00e9s\">certificaciones de ingl\u00e9s<\/a><a href=\"#\" data-value=\".term-238\" title=\"View all items filed under clases de idiomas\">clases de idiomas<\/a><a href=\"#\" data-value=\".term-83\" title=\"View all items filed under Consejos\">Consejos<\/a><a href=\"#\" data-value=\".term-236\" title=\"View all items filed under Cultura\">Cultura<\/a><a href=\"#\" data-value=\".term-237\" title=\"View all items filed under Curiosidades\">Curiosidades<\/a><a href=\"#\" data-value=\".term-166\" title=\"View all items filed under Empresas\">Empresas<\/a><a href=\"#\" data-value=\".term-328\" title=\"View all items filed under Gram\u00e1tica\">Gram\u00e1tica<\/a><a href=\"#\" data-value=\".term-89\" title=\"View all items filed under Idiomas\">Idiomas<\/a><a href=\"#\" data-value=\".term-296\" title=\"View all items filed under Ingl\u00e9s\">Ingl\u00e9s<\/a><a href=\"#\" data-value=\".term-151\" title=\"View all items filed under Juniors &amp; Teens\">Juniors &amp; Teens<\/a><a href=\"#\" data-value=\".term-87\" title=\"View all items filed under Novedades\">Novedades<\/a><a href=\"#\" data-value=\".term-1\" title=\"View all items filed under Sin categor\u00eda\">Sin categor\u00eda<\/a><a href=\"#\" data-value=\".term-86\" title=\"View all items filed under Tendencias\">Tendencias<\/a><a href=\"#\" data-value=\".term-128\" title=\"View all items filed under Tips para aprender idiomas\">Tips para aprender idiomas<\/a><a href=\"#\" data-value=\".term-131\" title=\"View all items filed under Trabajo\">Trabajo<\/a><a href=\"#\" data-value=\".term-203\" title=\"View all items filed under Vocabulario\">Vocabulario<\/a><a href=\"#\" data-value=\".term-140\" title=\"View all items filed under Youngsters\">Youngsters<\/a><\/p>\n<article id=\"post-8682\"><a href=\"https:\/\/academiaeuropea.com\/blog\/como-pensar-en-espanol\/\"\u030c\u030c><img fetchpriority=\"high\" width=\"800\" height=\"626\" src=\"http:\/\/academiaeuropea.com\/blog\/wp-content\/uploads\/2023\/06\/pexels-andrea-piacquadio-3779432-1024x801.jpg\" alt=\"pensar en ingl\u00e9s\" decoding=\"async\" loading=\"eager\" title=\"pensar en ingl\u00e9s\" data-no-lazy=\"1\" srcset=\"https:\/\/academiaeuropea.com\/blog\/wp-content\/uploads\/2023\/06\/pexels-andrea-piacquadio-3779432-1024x801.jpg 1024w, https:\/\/academiaeuropea.com\/blog\/wp-content\/uploads\/2023\/06\/pexels-andrea-piacquadio-3779432-300x235.jpg 300w, https:\/\/academiaeuropea.com\/blog\/wp-content\/uploads\/2023\/06\/pexels-andrea-piacquadio-3779432-768x601.jpg 768w, https:\/\/academiaeuropea.com\/blog\/wp-content\/uploads\/2023\/06\/pexels-andrea-piacquadio-3779432-1536x1202.jpg 1536w, https:\/\/academiaeuropea.com\/blog\/wp-content\/uploads\/2023\/06\/pexels-andrea-piacquadio-3779432-2048x1603.jpg 2048w\" sizes=\"(max-width: 800px) 100vw, 800px\" \/><\/a><\/p>\n<h3><a href=\"https:\/\/academiaeuropea.com\/blog\/como-pensar-en-espanol\/\" title=\"7 estrategias para pensar en ingl\u00e9s si no es tu idioma nativo\" rel=\"bookmark\">7 estrategias para pensar en ingl\u00e9s si no es tu idioma nativo<\/a><\/h3>\n<p><a href=\"https:\/\/academiaeuropea.com\/blog\/category\/clases-de-idiomas\/\">clases de idiomas<\/a>, <a href=\"https:\/\/academiaeuropea.com\/blog\/category\/ingles\/\">Ingl\u00e9s<\/a>, <a href=\"https:\/\/academiaeuropea.com\/blog\/category\/tips-para-aprender-idiomas\/\">Tips para aprender idiomas<\/a><!-- .lae-image-info --><\/article>\n<p><!-- .hentry --><\/p>\n<article id=\"post-8538\"><a href=\"https:\/\/academiaeuropea.com\/blog\/verbos-regulares-en-ingles\/\"\u030c\u030c><img width=\"800\" height=\"600\" src=\"http:\/\/academiaeuropea.com\/blog\/wp-content\/uploads\/2023\/06\/pexels-andrea-piacquadio-3761509-1024x768.jpg\" alt=\"verbos regulares en ingl\u00e9s\" decoding=\"async\" loading=\"eager\" title=\"verbos regulares en ingl\u00e9s\" data-no-lazy=\"1\" srcset=\"https:\/\/academiaeuropea.com\/blog\/wp-content\/uploads\/2023\/06\/pexels-andrea-piacquadio-3761509-1024x768.jpg 1024w, https:\/\/academiaeuropea.com\/blog\/wp-content\/uploads\/2023\/06\/pexels-andrea-piacquadio-3761509-300x225.jpg 300w, https:\/\/academiaeuropea.com\/blog\/wp-content\/uploads\/2023\/06\/pexels-andrea-piacquadio-3761509-768x576.jpg 768w, https:\/\/academiaeuropea.com\/blog\/wp-content\/uploads\/2023\/06\/pexels-andrea-piacquadio-3761509-1536x1152.jpg 1536w, https:\/\/academiaeuropea.com\/blog\/wp-content\/uploads\/2023\/06\/pexels-andrea-piacquadio-3761509-2048x1536.jpg 2048w\" sizes=\"(max-width: 800px) 100vw, 800px\" \/><\/a><\/p>\n<h3><a href=\"https:\/\/academiaeuropea.com\/blog\/verbos-regulares-en-ingles\/\" title=\"3 formas de pronunciar los verbos regulares en ingl\u00e9s\" rel=\"bookmark\">3 formas de pronunciar los verbos regulares en ingl\u00e9s<\/a><\/h3>\n<p><a href=\"https:\/\/academiaeuropea.com\/blog\/category\/clases-de-idiomas\/\">clases de idiomas<\/a>, <a href=\"https:\/\/academiaeuropea.com\/blog\/category\/consejos\/\">Consejos<\/a><!-- .lae-image-info --><\/article>\n<p><!-- .hentry --><\/p>\n<article id=\"post-8541\"><a href=\"https:\/\/academiaeuropea.com\/blog\/pasado-simple-y-pasado-progresivo-usos-y-ejemplos-en-ingles\/\"\u030c\u030c><img width=\"800\" height=\"600\" src=\"http:\/\/academiaeuropea.com\/blog\/wp-content\/uploads\/2023\/06\/pexels-namfon-sasimaporn-7388808-1024x768.jpg\" alt=\"pasado simple y progresivo en ingl\u00e9s\" decoding=\"async\" loading=\"eager\" title=\"pasado simple y progresivo en ingl\u00e9s\" data-no-lazy=\"1\" srcset=\"https:\/\/academiaeuropea.com\/blog\/wp-content\/uploads\/2023\/06\/pexels-namfon-sasimaporn-7388808-1024x768.jpg 1024w, https:\/\/academiaeuropea.com\/blog\/wp-content\/uploads\/2023\/06\/pexels-namfon-sasimaporn-7388808-300x225.jpg 300w, https:\/\/academiaeuropea.com\/blog\/wp-content\/uploads\/2023\/06\/pexels-namfon-sasimaporn-7388808-768x576.jpg 768w, https:\/\/academiaeuropea.com\/blog\/wp-content\/uploads\/2023\/06\/pexels-namfon-sasimaporn-7388808-1536x1152.jpg 1536w, https:\/\/academiaeuropea.com\/blog\/wp-content\/uploads\/2023\/06\/pexels-namfon-sasimaporn-7388808-2048x1536.jpg 2048w\" sizes=\"(max-width: 800px) 100vw, 800px\" \/><\/a><\/p>\n<h3><a href=\"https:\/\/academiaeuropea.com\/blog\/pasado-simple-y-pasado-progresivo-usos-y-ejemplos-en-ingles\/\" title=\"Pasado simple y pasado progresivo: usos y ejemplos en ingl\u00e9s\" rel=\"bookmark\">Pasado simple y pasado progresivo: usos y ejemplos en ingl\u00e9s<\/a><\/h3>\n<p><a href=\"https:\/\/academiaeuropea.com\/blog\/category\/idiomas\/\">Idiomas<\/a>, <a href=\"https:\/\/academiaeuropea.com\/blog\/category\/ingles\/\">Ingl\u00e9s<\/a><!-- .lae-image-info --><\/article>\n<p><!-- .hentry --><\/p>\n<article id=\"post-8628\"><a href=\"https:\/\/academiaeuropea.com\/blog\/todo-sobre-los-sustantivos-contables-y-no-contables-en-ingles\/\"\u030c\u030c><img width=\"800\" height=\"530\" src=\"http:\/\/academiaeuropea.com\/blog\/wp-content\/uploads\/2023\/06\/pexels-quenani-leal-721480-1024x678.jpg\" alt=\"sustantivos contables y no contables en ingl\u00e9s\" decoding=\"async\" loading=\"eager\" title=\"sustantivos contables y no contables en ingl\u00e9s\" data-no-lazy=\"1\" srcset=\"https:\/\/academiaeuropea.com\/blog\/wp-content\/uploads\/2023\/06\/pexels-quenani-leal-721480-1024x678.jpg 1024w, https:\/\/academiaeuropea.com\/blog\/wp-content\/uploads\/2023\/06\/pexels-quenani-leal-721480-300x199.jpg 300w, https:\/\/academiaeuropea.com\/blog\/wp-content\/uploads\/2023\/06\/pexels-quenani-leal-721480-768x509.jpg 768w, https:\/\/academiaeuropea.com\/blog\/wp-content\/uploads\/2023\/06\/pexels-quenani-leal-721480-1536x1017.jpg 1536w, https:\/\/academiaeuropea.com\/blog\/wp-content\/uploads\/2023\/06\/pexels-quenani-leal-721480-2048x1356.jpg 2048w, https:\/\/academiaeuropea.com\/blog\/wp-content\/uploads\/2023\/06\/pexels-quenani-leal-721480-1080x715.jpg 1080w, https:\/\/academiaeuropea.com\/blog\/wp-content\/uploads\/2023\/06\/pexels-quenani-leal-721480-1280x848.jpg 1280w, https:\/\/academiaeuropea.com\/blog\/wp-content\/uploads\/2023\/06\/pexels-quenani-leal-721480-980x649.jpg 980w, https:\/\/academiaeuropea.com\/blog\/wp-content\/uploads\/2023\/06\/pexels-quenani-leal-721480-480x318.jpg 480w\" sizes=\"(max-width: 800px) 100vw, 800px\" \/><\/a><\/p>\n<h3><a href=\"https:\/\/academiaeuropea.com\/blog\/todo-sobre-los-sustantivos-contables-y-no-contables-en-ingles\/\" title=\"Todo sobre los sustantivos contables y no contables en ingl\u00e9s\" rel=\"bookmark\">Todo sobre los sustantivos contables y no contables en ingl\u00e9s<\/a><\/h3>\n<p><a href=\"https:\/\/academiaeuropea.com\/blog\/category\/consejos\/\">Consejos<\/a>, <a href=\"https:\/\/academiaeuropea.com\/blog\/category\/tips-para-aprender-idiomas\/\">Tips para aprender idiomas<\/a>, <a href=\"https:\/\/academiaeuropea.com\/blog\/category\/tips-para-aprender-idiomas\/vocabulario\/\">Vocabulario<\/a><!-- .lae-image-info --><\/article>\n<p><!-- .hentry --><\/p>\n<article id=\"post-8625\"><a href=\"https:\/\/academiaeuropea.com\/blog\/5-metodos-para-aprender-tiempos-verbales-en-ingles\/\"\u030c\u030c><img width=\"800\" height=\"534\" src=\"http:\/\/academiaeuropea.com\/blog\/wp-content\/uploads\/2023\/06\/pexels-ekaterina-bolovtsova-4049669-1024x683.jpg\" alt=\"tiempos verbales en ingl\u00e9s\" decoding=\"async\" loading=\"eager\" title=\"tiempos verbales en ingl\u00e9s\" data-no-lazy=\"1\" srcset=\"https:\/\/academiaeuropea.com\/blog\/wp-content\/uploads\/2023\/06\/pexels-ekaterina-bolovtsova-4049669-1024x683.jpg 1024w, https:\/\/academiaeuropea.com\/blog\/wp-content\/uploads\/2023\/06\/pexels-ekaterina-bolovtsova-4049669-300x200.jpg 300w, https:\/\/academiaeuropea.com\/blog\/wp-content\/uploads\/2023\/06\/pexels-ekaterina-bolovtsova-4049669-768x512.jpg 768w, https:\/\/academiaeuropea.com\/blog\/wp-content\/uploads\/2023\/06\/pexels-ekaterina-bolovtsova-4049669-1536x1024.jpg 1536w, https:\/\/academiaeuropea.com\/blog\/wp-content\/uploads\/2023\/06\/pexels-ekaterina-bolovtsova-4049669-2048x1365.jpg 2048w, https:\/\/academiaeuropea.com\/blog\/wp-content\/uploads\/2023\/06\/pexels-ekaterina-bolovtsova-4049669-1080x720.jpg 1080w, https:\/\/academiaeuropea.com\/blog\/wp-content\/uploads\/2023\/06\/pexels-ekaterina-bolovtsova-4049669-1280x854.jpg 1280w, https:\/\/academiaeuropea.com\/blog\/wp-content\/uploads\/2023\/06\/pexels-ekaterina-bolovtsova-4049669-980x653.jpg 980w, https:\/\/academiaeuropea.com\/blog\/wp-content\/uploads\/2023\/06\/pexels-ekaterina-bolovtsova-4049669-480x320.jpg 480w\" sizes=\"(max-width: 800px) 100vw, 800px\" \/><\/a><\/p>\n<h3><a href=\"https:\/\/academiaeuropea.com\/blog\/5-metodos-para-aprender-tiempos-verbales-en-ingles\/\" title=\"5 m\u00e9todos para aprender tiempos verbales en ingl\u00e9s\" rel=\"bookmark\">5 m\u00e9todos para aprender tiempos verbales en ingl\u00e9s<\/a><\/h3>\n<p><a href=\"https:\/\/academiaeuropea.com\/blog\/category\/tips-para-aprender-idiomas\/gramatica-tips-para-aprender-idiomas\/\">Gram\u00e1tica<\/a>, <a href=\"https:\/\/academiaeuropea.com\/blog\/category\/tips-para-aprender-idiomas\/\">Tips para aprender idiomas<\/a><!-- .lae-image-info --><\/article>\n<p><!-- .hentry --><\/p>\n<article id=\"post-8619\"><a href=\"https:\/\/academiaeuropea.com\/blog\/6-consejos-para-tener-exito-en-un-examen-de-ingles\/\"\u030c\u030c><img width=\"800\" height=\"534\" src=\"http:\/\/academiaeuropea.com\/blog\/wp-content\/uploads\/2023\/06\/pexels-armin-rimoldi-5553633-1024x683.jpg\" alt=\"\u00e9xito en un examen de ingl\u00e9s\" decoding=\"async\" loading=\"eager\" title=\"\u00e9xito en un examen de ingl\u00e9s\" data-no-lazy=\"1\" srcset=\"https:\/\/academiaeuropea.com\/blog\/wp-content\/uploads\/2023\/06\/pexels-armin-rimoldi-5553633-1024x683.jpg 1024w, https:\/\/academiaeuropea.com\/blog\/wp-content\/uploads\/2023\/06\/pexels-armin-rimoldi-5553633-300x200.jpg 300w, https:\/\/academiaeuropea.com\/blog\/wp-content\/uploads\/2023\/06\/pexels-armin-rimoldi-5553633-768x512.jpg 768w, https:\/\/academiaeuropea.com\/blog\/wp-content\/uploads\/2023\/06\/pexels-armin-rimoldi-5553633-1536x1024.jpg 1536w, https:\/\/academiaeuropea.com\/blog\/wp-content\/uploads\/2023\/06\/pexels-armin-rimoldi-5553633-2048x1365.jpg 2048w, https:\/\/academiaeuropea.com\/blog\/wp-content\/uploads\/2023\/06\/pexels-armin-rimoldi-5553633-1080x720.jpg 1080w, https:\/\/academiaeuropea.com\/blog\/wp-content\/uploads\/2023\/06\/pexels-armin-rimoldi-5553633-1280x854.jpg 1280w, https:\/\/academiaeuropea.com\/blog\/wp-content\/uploads\/2023\/06\/pexels-armin-rimoldi-5553633-980x653.jpg 980w, https:\/\/academiaeuropea.com\/blog\/wp-content\/uploads\/2023\/06\/pexels-armin-rimoldi-5553633-480x320.jpg 480w\" sizes=\"(max-width: 800px) 100vw, 800px\" \/><\/a><\/p>\n<h3><a href=\"https:\/\/academiaeuropea.com\/blog\/6-consejos-para-tener-exito-en-un-examen-de-ingles\/\" title=\"6 consejos para tener \u00e9xito en un examen de ingl\u00e9s\u00a0\" rel=\"bookmark\">6 consejos para tener \u00e9xito en un examen de ingl\u00e9s\u00a0<\/a><\/h3>\n<p><a href=\"https:\/\/academiaeuropea.com\/blog\/category\/sin-categoria\/\">Sin categor\u00eda<\/a><!-- .lae-image-info --><\/article>\n<p><!-- .hentry --><!-- .lae-portfolio --><!-- .lae-portfolio-wrap --><\/p>\n","protected":false},"excerpt":{"rendered":"<p>https:\/\/www.youtube.com\/watch?v=DYoSKBp0Li8https:\/\/www.youtube.com\/watch?v=Y_k7PHiBeyg&#038;t=3s My Posts Allcertificaciones de ingl\u00e9sclases de idiomasConsejosCulturaCuriosidadesEmpresasGram\u00e1ticaIdiomasIngl\u00e9sJuniors &amp; TeensNovedadesSin categor\u00edaTendenciasTips para aprender idiomasTrabajoVocabularioYoungsters 7 estrategias para pensar en ingl\u00e9s si no es tu idioma nativo clases de idiomas, Ingl\u00e9s, Tips para aprender idiomas 3 formas de pronunciar los verbos regulares en ingl\u00e9s clases de idiomas, Consejos Pasado simple y pasado progresivo: usos y ejemplos en ingl\u00e9s Idiomas, Ingl\u00e9s Todo sobre los sustantivos contables y no contables en ingl\u00e9s Consejos, Tips para aprender idiomas, Vocabulario 5 m\u00e9todos para aprender tiempos verbales en ingl\u00e9s Gram\u00e1tica, Tips para aprender idiomas 6 consejos para tener \u00e9xito en un examen de ingl\u00e9s\u00a0 Sin categor\u00eda<\/p>\n","protected":false},"author":9,"featured_media":0,"parent":0,"menu_order":0,"comment_status":"closed","ping_status":"closed","template":"","meta":{"content-type":"","footnotes":""},"class_list":["post-171","page","type-page","status-publish","hentry"],"_links":{"self":[{"href":"https:\/\/academiaeuropea.com\/blog\/wp-json\/wp\/v2\/pages\/171","targetHints":{"allow":["GET"]}}],"collection":[{"href":"https:\/\/academiaeuropea.com\/blog\/wp-json\/wp\/v2\/pages"}],"about":[{"href":"https:\/\/academiaeuropea.com\/blog\/wp-json\/wp\/v2\/types\/page"}],"author":[{"embeddable":true,"href":"https:\/\/academiaeuropea.com\/blog\/wp-json\/wp\/v2\/users\/9"}],"replies":[{"embeddable":true,"href":"https:\/\/academiaeuropea.com\/blog\/wp-json\/wp\/v2\/comments?post=171"}],"version-history":[{"count":45,"href":"https:\/\/academiaeuropea.com\/blog\/wp-json\/wp\/v2\/pages\/171\/revisions"}],"predecessor-version":[{"id":9580,"href":"https:\/\/academiaeuropea.com\/blog\/wp-json\/wp\/v2\/pages\/171\/revisions\/9580"}],"wp:attachment":[{"href":"https:\/\/academiaeuropea.com\/blog\/wp-json\/wp\/v2\/media?parent=171"}],"curies":[{"name":"wp","href":"https:\/\/api.w.org\/{rel}","templated":true}]}}